{"id":998,"date":"2023-05-06T12:01:52","date_gmt":"2023-05-06T10:01:52","guid":{"rendered":"https:\/\/www.ggs-eick.de\/cms\/?page_id=998"},"modified":"2023-05-08T19:23:50","modified_gmt":"2023-05-08T17:23:50","slug":"leitbild","status":"publish","type":"page","link":"https:\/\/www.ggs-eick.de\/cms\/leitbild\/","title":{"rendered":"Leitbild"},"content":{"rendered":"\n<div class=\"wp-block-getwid-section\"><div class=\"wp-block-getwid-section__wrapper\"><div class=\"wp-block-getwid-section__inner-wrapper\"><div class=\"wp-block-getwid-section__background-holder\"><div class=\"wp-block-getwid-section__background has-background has-color-5-background-color\"><\/div><div class=\"wp-block-getwid-section__foreground\"><\/div><\/div><div class=\"wp-block-getwid-section__content\"><div class=\"wp-block-getwid-section__inner-content\">\n<p class=\"MsoNormal\"><b style=\"mso-bidi-font-weight: normal;\"><span style=\"font-size: 16.0pt; line-height: 107%; font-family: 'Comic Sans MS'; mso-fareast-font-family: 'Times New Roman'; mso-bidi-font-family: 'Times New Roman'; color: #0070c0; mso-fareast-language: DE;\">\u00a0<\/span><\/b><\/p>\n<h1 class=\"MsoNormal\" style=\"line-height: 150%;\">Unser Leitbild an der GGS-Eick<\/h1>\n<p class=\"MsoNormal\" style=\"line-height: 150%;\"><b style=\"mso-bidi-font-weight: normal;\"><span style=\"font-size: 36.0pt; line-height: 150%; font-family: 'Comic Sans MS'; mso-bidi-font-family: 'Times New Roman'; color: #0070c0; mso-fareast-language: DE;\">gemeinsam<\/span><\/b><b style=\"mso-bidi-font-weight: normal;\"><span style=\"font-size: 36.0pt; line-height: 150%; font-family: 'Comic Sans MS'; mso-bidi-font-family: 'Times New Roman'; mso-fareast-language: DE;\"> <span style=\"color: red;\">leben <\/span><span style=\"color: yellow; mso-style-textoutline-type: solid; mso-style-textoutline-fill-color: #A6A6A6; mso-style-textoutline-fill-themecolor: background1; mso-style-textoutline-fill-alpha: 100.0%; mso-style-textoutline-fill-colortransforms: lumm=65000; mso-style-textoutline-outlinestyle-dpiwidth: .75pt; mso-style-textoutline-outlinestyle-linecap: round; mso-style-textoutline-outlinestyle-join: bevel; mso-style-textoutline-outlinestyle-pctmiterlimit: 0%; mso-style-textoutline-outlinestyle-dash: solid; mso-style-textoutline-outlinestyle-align: center; mso-style-textoutline-outlinestyle-compound: simple;\">lernen<\/span><\/span><\/b><\/p>\n\n<p class=\"MsoNormal\"><b style=\"mso-bidi-font-weight: normal;\"><span style=\"font-size: 16.0pt; line-height: 107%; font-family: 'Comic Sans MS'; mso-fareast-font-family: 'Times New Roman'; mso-bidi-font-family: 'Times New Roman'; color: #0070c0; mso-fareast-language: DE;\">\u00a0<\/span><\/b><\/p>\n<p class=\"MsoNormal\" style=\"line-height: 150%;\"><b style=\"mso-bidi-font-weight: normal;\"><span style=\"font-size: 16.0pt; line-height: 150%; font-family: 'Comic Sans MS'; mso-fareast-font-family: 'Times New Roman'; mso-bidi-font-family: 'Times New Roman'; color: #0070c0; mso-fareast-language: DE;\">gemeinsam<\/span><\/b><span style=\"font-family: 'Comic Sans MS'; mso-fareast-font-family: 'Times New Roman'; mso-bidi-font-family: 'Times New Roman'; mso-fareast-language: DE;\">:<\/span><\/p>\n<p class=\"MsoNormal\" style=\"line-height: 150%;\"><span style=\"font-family: 'Comic Sans MS'; mso-fareast-font-family: 'Times New Roman'; mso-bidi-font-family: 'Times New Roman'; mso-fareast-language: DE;\">Ein herzliches und respektvolles Miteinander, Toleranz und Wertsch\u00e4tzung sind die Grundlagen unserer Arbeit. <\/span><\/p>\n<p class=\"MsoNormal\" style=\"line-height: 150%;\"><span style=\"font-family: 'Comic Sans MS'; mso-fareast-font-family: 'Times New Roman'; mso-bidi-font-family: 'Times New Roman'; mso-fareast-language: DE;\">Jedes Kind ist an unserer Schule herzlich willkommen und bereichert unsere Gemeinschaft.<\/span><\/p>\n<p class=\"MsoNormal\" style=\"line-height: 150%;\"><b style=\"mso-bidi-font-weight: normal;\"><span style=\"font-size: 16.0pt; line-height: 150%; font-family: 'Comic Sans MS'; mso-fareast-font-family: 'Times New Roman'; mso-bidi-font-family: 'Times New Roman'; color: red; mso-fareast-language: DE;\">leben<\/span><\/b><span style=\"font-family: 'Comic Sans MS'; mso-fareast-font-family: 'Times New Roman'; mso-bidi-font-family: 'Times New Roman'; mso-fareast-language: DE;\">:<\/span><\/p>\n<p class=\"MsoNormal\" style=\"line-height: 150%;\"><span style=\"font-family: 'Comic Sans MS'; mso-fareast-font-family: 'Times New Roman'; mso-bidi-font-family: 'Times New Roman'; mso-fareast-language: DE;\">Wir begleiten die Kinder ein St\u00fcck auf ihrem Lebensweg, vermitteln ihnen gemeinsam mit den Eltern Werte und Umgangsformen und st\u00e4rken sie. <\/span><\/p>\n<p class=\"MsoNormal\" style=\"line-height: 150%;\"><span style=\"font-family: 'Comic Sans MS'; mso-fareast-font-family: 'Times New Roman'; mso-bidi-font-family: 'Times New Roman'; mso-fareast-language: DE;\">Wir ermutigen und leiten sie an, sich f\u00fcr ihre Anliegen und unsere Welt zu engagieren.<\/span><\/p>\n<p class=\"MsoNormal\" style=\"line-height: 150%;\"><span style=\"font-family: 'Comic Sans MS'; mso-fareast-font-family: 'Times New Roman'; mso-bidi-font-family: 'Times New Roman'; mso-fareast-language: DE;\">Lebendig, fr\u00f6hlich und vielf\u00e4ltig gestalten wir einen Ort an dem die Kinder ohne Angst und Scheu leben und lernen k\u00f6nnen. <\/span><\/p>\n<p class=\"MsoNormal\" style=\"line-height: 150%;\"><b style=\"mso-bidi-font-weight: normal;\"><span style=\"font-size: 16.0pt; line-height: 150%; font-family: 'Comic Sans MS'; mso-fareast-font-family: 'Times New Roman'; mso-bidi-font-family: 'Times New Roman'; color: yellow; mso-style-textoutline-type: solid; mso-style-textoutline-fill-color: #A6A6A6; mso-style-textoutline-fill-themecolor: background1; mso-style-textoutline-fill-alpha: 100.0%; mso-style-textoutline-fill-colortransforms: lumm=65000; mso-style-textoutline-outlinestyle-dpiwidth: .75pt; mso-style-textoutline-outlinestyle-linecap: round; mso-style-textoutline-outlinestyle-join: bevel; mso-style-textoutline-outlinestyle-pctmiterlimit: 0%; mso-style-textoutline-outlinestyle-dash: solid; mso-style-textoutline-outlinestyle-align: center; mso-style-textoutline-outlinestyle-compound: simple; mso-fareast-language: DE;\">lernen<\/span><\/b><span style=\"font-family: 'Comic Sans MS'; mso-fareast-font-family: 'Times New Roman'; mso-bidi-font-family: 'Times New Roman'; mso-fareast-language: DE;\">:<\/span><\/p>\n<p class=\"MsoNormal\" style=\"line-height: 150%;\"><span style=\"font-family: 'Comic Sans MS'; mso-fareast-font-family: 'Times New Roman'; mso-bidi-font-family: 'Times New Roman'; mso-fareast-language: DE;\">Es ist uns wichtig kooperativ voneinander und miteinander zu lernen. <\/span><span style=\"font-family: 'Comic Sans MS'; mso-fareast-font-family: 'Times New Roman'; mso-bidi-font-family: 'Times New Roman'; mso-fareast-language: DE;\">Durch klare Strukturen schaffen wir einen Rahmen und f\u00fchren die Kinder <\/span><\/p>\n<p class=\"MsoNormal\" style=\"line-height: 150%;\"><span style=\"font-family: 'Comic Sans MS'; mso-fareast-font-family: 'Times New Roman'; mso-bidi-font-family: 'Times New Roman'; mso-fareast-language: DE;\">Schritt f\u00fcr Schritt zur Selbstst\u00e4ndigkeit, Eigenverantwortung und zu reflektiertem Lernen \u2013 auch mit neuen Medien. Wir legen Wert darauf, <\/span><\/p>\n<p class=\"MsoNormal\" style=\"line-height: 150%;\"><span style=\"font-family: 'Comic Sans MS'; mso-fareast-font-family: 'Times New Roman'; mso-bidi-font-family: 'Times New Roman'; mso-fareast-language: DE;\">alle Kinder fachkompetent zu f\u00f6rdern und zu fordern. <\/span><\/p>\n<p class=\"MsoNormal\" style=\"line-height: 150%; text-align: center;\">\u00a0<\/p>\n\n<\/div><\/div><\/div><\/div><\/div>\n","protected":false},"excerpt":{"rendered":"","protected":false},"author":1,"featured_media":0,"parent":0,"menu_order":0,"comment_status":"closed","ping_status":"closed","template":"","meta":{"_uag_custom_page_level_css":"","footnotes":""},"class_list":["post-998","page","type-page","status-publish","hentry"],"jetpack_sharing_enabled":true,"uagb_featured_image_src":{"full":false,"thumbnail":false,"medium":false,"medium_large":false,"large":false,"1536x1536":false,"2048x2048":false,"post-thumbnail":false,"gutenix-thumb-s":false,"gutenix-thumb-m":false,"gutenix-thumb-post":false,"gutenix-thumb-l":false,"gutenix-thumb-xl":false,"gutenix-thumb-grid-2col":false,"gutenix-thumb-masonry":false,"gutenix-thumb-masonry-2col":false,"gutenix-thumb-justify":false},"uagb_author_info":{"display_name":"ggsadmin","author_link":"https:\/\/www.ggs-eick.de\/cms\/author\/ggsadmin\/"},"uagb_comment_info":0,"uagb_excerpt":null,"_links":{"self":[{"href":"https:\/\/www.ggs-eick.de\/cms\/wp-json\/wp\/v2\/pages\/998","targetHints":{"allow":["GET"]}}],"collection":[{"href":"https:\/\/www.ggs-eick.de\/cms\/wp-json\/wp\/v2\/pages"}],"about":[{"href":"https:\/\/www.ggs-eick.de\/cms\/wp-json\/wp\/v2\/types\/page"}],"author":[{"embeddable":true,"href":"https:\/\/www.ggs-eick.de\/cms\/wp-json\/wp\/v2\/users\/1"}],"replies":[{"embeddable":true,"href":"https:\/\/www.ggs-eick.de\/cms\/wp-json\/wp\/v2\/comments?post=998"}],"version-history":[{"count":4,"href":"https:\/\/www.ggs-eick.de\/cms\/wp-json\/wp\/v2\/pages\/998\/revisions"}],"predecessor-version":[{"id":1173,"href":"https:\/\/www.ggs-eick.de\/cms\/wp-json\/wp\/v2\/pages\/998\/revisions\/1173"}],"wp:attachment":[{"href":"https:\/\/www.ggs-eick.de\/cms\/wp-json\/wp\/v2\/media?parent=998"}],"curies":[{"name":"wp","href":"https:\/\/api.w.org\/{rel}","templated":true}]}}