{"id":905,"date":"2023-05-05T18:02:24","date_gmt":"2023-05-05T16:02:24","guid":{"rendered":"https:\/\/www.ggs-eick.de\/cms\/?page_id=905"},"modified":"2024-11-11T15:15:45","modified_gmt":"2024-11-11T14:15:45","slug":"unsere-schule","status":"publish","type":"page","link":"https:\/\/www.ggs-eick.de\/cms\/unsere-schule\/","title":{"rendered":"Unsere Schule"},"content":{"rendered":"\n<div class=\"wp-block-getwid-section\"><div class=\"wp-block-getwid-section__wrapper\"><div class=\"wp-block-getwid-section__inner-wrapper\"><div class=\"wp-block-getwid-section__background-holder\"><div class=\"wp-block-getwid-section__background has-background has-color-5-background-color\"><\/div><div class=\"wp-block-getwid-section__foreground\"><\/div><\/div><div class=\"wp-block-getwid-section__content\"><div class=\"wp-block-getwid-section__inner-content\">\n<h1>GGS Eick &#8211; gemeinsam stark<\/h1><p>Wir sind eine 3-z\u00fcgige Grundschule mit 2 Schulstandorten in Moers-Eick. Insgesamt lernen, leben und lachen derzeit 275 Kinder in 12 Klassen.<\/p>\n<p>An unserer beschaulichen Grundschule engagieren sich 22 Lehrerinnen und Lehrer, zwei Lehramtsanw\u00e4rterinnen, ein Konrektor und eine Schulleiterin\u00a0im allt\u00e4glichen Miteinander, im Unterricht, in der Beratung und bei Aktionen f\u00fcr die Kinder.<\/p>\n<p>Eine \u00e4u\u00dferst aktive Elternschaft unterst\u00fctzt die schulische Arbeit in den unterschiedlichsten Bereichen, in den verschiedensten\u00a0Gremien und gestaltet so das Schulleben mit.<\/p>\n<p>Unsere OGS-Teams betreuen die OGS-Kinder liebevoll und kompetent nach dem Unterrichtsende sowie an vielen unterrichtsfreien Tagen.<\/p>\n<p>\u00a0<\/p>\n<p>Eine Schulsozialarbeiterin und eine Sonderp\u00e4dagogische Fachkraft ber\u00e4t, unterst\u00fctzt und begleitet Kinder und Eltern bei Bedarf.<\/p>\n<p>\u00a0<\/p>\n<p>Gemeinsam &#8211; Kinder, Kollegium, Eltern, OGS, Schulsozialarbeit &#8211; sind wir die GGS Eick.<\/p>\n<p>Gemeinsam sind wir stark.<\/p>\n<p>\u00a0<\/p>\n<p>Weitere Infos zum Download <a href=\"https:\/\/www.ggs-eick.de\/cms\/wp-content\/uploads\/2023\/05\/Flyer_Variante_22_23.pdf\" target=\"_blank\" rel=\"noopener noreferrer\"><img decoding=\"async\" class=\"cke-resize\" style=\"width: 32px; height: 32px;\" src=\"https:\/\/www.ggs-eick.de\/cms\/wp-content\/uploads\/2023\/05\/pdf.png\" alt=\"\" \/><\/a><\/p>\n<p>\u00a0<\/p>\n<p>\u00a0<\/p>\n<p>\u00a0<\/p>\n<p>\u00a0<\/p>\n<div id=\"ckimgrsz\" style=\"left: 166.671875px; top: 357px;\">\n<div class=\"preview\">\u00a0<\/div>\n<\/div>\n<\/div><\/div><\/div><\/div><\/div>\n","protected":false},"excerpt":{"rendered":"","protected":false},"author":1,"featured_media":0,"parent":0,"menu_order":0,"comment_status":"closed","ping_status":"closed","template":"","meta":{"_uag_custom_page_level_css":"","footnotes":""},"class_list":["post-905","page","type-page","status-publish","hentry"],"jetpack_sharing_enabled":true,"uagb_featured_image_src":{"full":false,"thumbnail":false,"medium":false,"medium_large":false,"large":false,"1536x1536":false,"2048x2048":false,"post-thumbnail":false,"gutenix-thumb-s":false,"gutenix-thumb-m":false,"gutenix-thumb-post":false,"gutenix-thumb-l":false,"gutenix-thumb-xl":false,"gutenix-thumb-grid-2col":false,"gutenix-thumb-masonry":false,"gutenix-thumb-masonry-2col":false,"gutenix-thumb-justify":false},"uagb_author_info":{"display_name":"ggsadmin","author_link":"https:\/\/www.ggs-eick.de\/cms\/author\/ggsadmin\/"},"uagb_comment_info":0,"uagb_excerpt":null,"_links":{"self":[{"href":"https:\/\/www.ggs-eick.de\/cms\/wp-json\/wp\/v2\/pages\/905","targetHints":{"allow":["GET"]}}],"collection":[{"href":"https:\/\/www.ggs-eick.de\/cms\/wp-json\/wp\/v2\/pages"}],"about":[{"href":"https:\/\/www.ggs-eick.de\/cms\/wp-json\/wp\/v2\/types\/page"}],"author":[{"embeddable":true,"href":"https:\/\/www.ggs-eick.de\/cms\/wp-json\/wp\/v2\/users\/1"}],"replies":[{"embeddable":true,"href":"https:\/\/www.ggs-eick.de\/cms\/wp-json\/wp\/v2\/comments?post=905"}],"version-history":[{"count":8,"href":"https:\/\/www.ggs-eick.de\/cms\/wp-json\/wp\/v2\/pages\/905\/revisions"}],"predecessor-version":[{"id":1837,"href":"https:\/\/www.ggs-eick.de\/cms\/wp-json\/wp\/v2\/pages\/905\/revisions\/1837"}],"wp:attachment":[{"href":"https:\/\/www.ggs-eick.de\/cms\/wp-json\/wp\/v2\/media?parent=905"}],"curies":[{"name":"wp","href":"https:\/\/api.w.org\/{rel}","templated":true}]}}