{"id":1469,"date":"2023-09-05T20:04:52","date_gmt":"2023-09-05T18:04:52","guid":{"rendered":"https:\/\/www.ggs-eick.de\/cms\/?page_id=1469"},"modified":"2024-11-11T15:12:28","modified_gmt":"2024-11-11T14:12:28","slug":"kontakt-impressum-neu","status":"publish","type":"page","link":"https:\/\/www.ggs-eick.de\/cms\/kontakt-impressum-neu\/","title":{"rendered":"Kontakt\/ Impressum"},"content":{"rendered":"\n<div class=\"wp-block-getwid-section\"><div class=\"wp-block-getwid-section__wrapper\"><div class=\"wp-block-getwid-section__inner-wrapper\"><div class=\"wp-block-getwid-section__background-holder\"><div class=\"wp-block-getwid-section__background has-background has-color-5-background-color\"><\/div><div class=\"wp-block-getwid-section__foreground\"><\/div><\/div><div class=\"wp-block-getwid-section__content\"><div class=\"wp-block-getwid-section__inner-content\">\n<h2 class=\"wp-block-heading\"><strong>Ihre Ansprechpartner im Schuljahr 2023\/2024<\/strong><\/h2>\n\n\n\n<figure class=\"wp-block-table\"><table class=\"has-fixed-layout\"><tbody><tr><td><strong>Rektorin:<\/strong><\/td><td>Andrea Bramkamp-Warmer<\/td><\/tr><tr><td><strong>Stellvertreter<\/strong> (Vertretung):<\/td><td>Tina Lamers (HS)<br>Sabrina Mosebach (TS)<br>Petra Odenthal<\/td><\/tr><\/tbody><\/table><\/figure>\n\n\n\n<figure class=\"wp-block-table\"><table class=\"has-fixed-layout\"><tbody><tr><td><strong>Sekretariat:&nbsp;<\/strong>&nbsp;&nbsp; Sprechzeiten &nbsp;&nbsp;<\/td><td><br>Frau&nbsp; Carboni&nbsp;<\/td><\/tr><tr><td>Eicker Grund<\/td><td>Montag,&nbsp;&nbsp;&nbsp;&nbsp;&nbsp;&nbsp;&nbsp;&nbsp;9.00 h \u2013 11.00 h<\/td><\/tr><tr><td>&nbsp;<\/td><td>Mittwoch, &nbsp; &nbsp; 9.00 h \u2013 11.00 h<\/td><\/tr><tr><td>&nbsp;<\/td><td>&nbsp;<\/td><\/tr><tr><td>Roseggerstra\u00dfe<\/td><td>Frau Carboni<\/td><\/tr><tr><td>&nbsp;<\/td><td>Dienstag,&nbsp; 8.00 h bis 10.00 h<\/td><\/tr><tr><td>&nbsp;<\/td><td>&nbsp;<\/td><\/tr><\/tbody><\/table><\/figure>\n\n\n\n<figure class=\"wp-block-table\"><table class=\"has-fixed-layout\"><tbody><tr><td><strong>Schulpflegschaftsvorsitzende<\/strong><\/td><td>Herr Benthin<\/td><\/tr><tr><td><strong>Stellvertretung:<\/strong><\/td><td>Frau K\u00f6pp<\/td><\/tr><\/tbody><\/table><\/figure>\n\n\n\n<figure class=\"wp-block-table\"><table class=\"has-fixed-layout\"><tbody><tr><td><strong>Hausmeister<\/strong>:<\/td><td>&nbsp;<\/td><\/tr><tr><td>Eicker Grund<\/td><td>Herr Wrzodek<\/td><\/tr><tr><td>Roseggerstra\u00dfe<\/td><td>Herr Hoffmann<\/td><\/tr><\/tbody><\/table><\/figure>\n\n\n\n<figure class=\"wp-block-table\"><table class=\"has-fixed-layout\"><tbody><tr><td><strong>Leitung der OGS:<\/strong><\/td><td>Frau Kalisch<br>01577 \u2013 41 86 876<\/td><\/tr><tr><td><strong>Gruppen West:<\/strong><\/td><td>01577 \u2013 41 86 876<\/td><\/tr><tr><td>Strandpiraten<\/td><td>01577 \u2013 45 35 571<\/td><\/tr><tr><td>Froschteich<\/td><td>0177 \u2013 68 47 319<\/td><\/tr><tr><td>Villa Kunterbunt<\/td><td>01577 -45 35 575<\/td><\/tr><tr><td>L\u00f6wenk\u00e4fig<\/td><td>0177 \u2013 75 07 734<\/td><\/tr><tr><td>Fuchsbau<\/td><td>0178 \u2013 52 69 315<\/td><\/tr><tr><td>Email Leitung Email Standort West<\/td><td>ogsleitung(at)ggs-eick.de ogs-west(at)ggs-eick.de<\/td><\/tr><tr><td><strong>Gruppen Ost:<\/strong><\/td><td>&nbsp;0157 &#8211; 50662530  (Handy)<\/td><\/tr><tr><td>&nbsp;<\/td><td><\/td><\/tr><tr><td>Email Leitung<br>Email Standort Ost<\/td><td>ogsleitung(at)ggs-eick.de<br>ogs-ost(at)ggs-eick.de<\/td><\/tr><\/tbody><\/table><\/figure>\n\n\n\n<figure class=\"wp-block-table\"><table class=\"has-fixed-layout\"><tbody><tr><td><strong>Schulsozialarbeit<\/strong>:<\/td><td>&nbsp; &nbsp;<\/td><\/tr><tr><td>Anne N\u00f6then<\/td><td>0151-50752346 sozialarbeit-west(at)ggs-eick.de<\/td><\/tr><\/tbody><\/table><\/figure>\n\n\n\n<h2 class=\"wp-block-heading\"><strong>Impressum<\/strong><\/h2>\n\n\n\n<p><strong>Herausgeber:<\/strong><\/p>\n\n\n\n<figure class=\"wp-block-table\"><table><tbody><tr><td>Land NRW, vertreten durch:<\/td><\/tr><tr><td><strong>Gemeinschaftsgrundschule Eick<\/strong><\/td><\/tr><tr><td>Eicker Grund 86 \u2013 88<\/td><\/tr><tr><td>47445 Moers<\/td><\/tr><tr><td>Fon Schule: &nbsp;&nbsp;&nbsp;&nbsp;&nbsp;&nbsp;&nbsp;&nbsp; &nbsp;&nbsp;02841 \u2013 41 832<\/td><\/tr><tr><td>Fax Schule:&nbsp;&nbsp;&nbsp;&nbsp;&nbsp;&nbsp;&nbsp;&nbsp;&nbsp;&nbsp;&nbsp;&nbsp;02841 \u2013 41 950<\/td><\/tr><tr><td>Email:&nbsp;schulleitung(at)ggs-eick.de<\/td><\/tr><tr><td><strong>Vertretungsberechtigte:&nbsp;<\/strong>Andrea Bramkamp-Warmer, schulleitung(at)ggs-eick.de<br><strong>Verantwortlich im Sinne von \u00a7 55 RStV:<\/strong> Grundschule Eick, Eicker Grund 86-88, 47445 Moers<br>Andrea Bramkamp-Warmer, Schulleitung<br>Telefon-Nr.: 02841-41832<br>E-Mail: schulleitung(at)ggs-eick.de<\/td><\/tr><\/tbody><\/table><\/figure>\n\n\n\n<h2 class=\"wp-block-heading\"><strong>Rechtliches<\/strong><\/h2>\n\n\n\n<p>Haftungsausschluss f\u00fcr die GGS Eick<\/p>\n\n\n\n<p>1. Inhalt des Onlineangebotes<\/p>\n\n\n\n<p>GGS Eick bietet diese Website \u00f6ffentlich an, damit Sie sich schnell und einfach \u00fcber die GGS Eick und ihre Aktivit\u00e4ten informieren und Interessantes erfahren k\u00f6nnen. Wir haben zum Ziel, aktuelle, umfassende und genaue Informationen bereitzustellen. Sobald wir von Fehlern erfahren, werden wir unverz\u00fcglich versuchen, diese zu korrigieren.<\/p>\n\n\n\n<p>Unsere Website ist eine kostenlose und allgemein zug\u00e4ngliche Information. GGS Eick \u00fcbernimmt f\u00fcr Aktualit\u00e4t, Korrektheit, Vollst\u00e4ndigkeit oder Qualit\u00e4t der Angaben auf dieser Website keinerlei Verantwortung oder Haftung.<\/p>\n\n\n\n<p>Insbesondere k\u00f6nnen wir nicht garantieren, dass<\/p>\n\n\n\n<p>* online abrufbare Prospekte, Formulare oder sonstige Dokumente nach Inhalt und Form den von uns in gedruckter Form ver\u00f6ffentlichten Dokumenten entsprechen. Im Zweifel ist allein die in gedruckter Form ver\u00f6ffentlichte Fassung verbindlich.<br>* diese Website im Ganzen oder in Teilen st\u00e4ndig verf\u00fcgbar ist. Es ist nicht ausgeschlossen, dass einige der Datenangaben auf unserer Website in nicht fehlerfreien Dateien oder Formaten angelegt bzw. strukturiert sind, weshalb wir keine Gew\u00e4hr daf\u00fcr \u00fcbernehmen k\u00f6nnen, dass unsere Website nicht durch derartige St\u00f6rungen beeintr\u00e4chtigt wird oder solche St\u00f6rungen bei Ihnen verursachen.<br>* trotz fortlaufender \u00dcberpr\u00fcfung der Inhalte unserer Website auf Viren, keine unerkannten Viren vorhanden sind und bei der Nutzung nicht in Ihren Rechner gelangen.<br>* Inhalte und Daten vollst\u00e4ndig, richtig und technisch einwandfrei \u00fcbermittelt werden.<\/p>\n\n\n\n<p>Haftungsanspr\u00fcche gegen die GGS Eick, welche sich auf Sch\u00e4den materieller oder ideeller Art beziehen, die durch die Nutzung oder Nichtnutzung der dargebotenen Informationen bzw. durch die Nutzung fehlerhafter und unvollst\u00e4ndiger Informationen verursacht werden, sind grunds\u00e4tzlich ausgeschlossen, sofern seitens der GGS Eick kein nachweislich vors\u00e4tzliches oder grob fahrl\u00e4ssiges Verschulden vorliegt.<\/p>\n\n\n\n<p>Alle Angebote sind freibleibend und unverbindlich. GGS Eick beh\u00e4lt es sich ausdr\u00fccklich vor, Teile der Seiten oder das gesamte Angebot ohne gesonderte Ank\u00fcndigung zu ver\u00e4ndern, zu erg\u00e4nzen, zu l\u00f6schen oder die Ver\u00f6ffentlichung zeitweise oder endg\u00fcltig einzustellen.<\/p>\n\n\n\n<p>2. Verweise und Links<\/p>\n\n\n\n<p>Als weiteres Serviceangebot f\u00fcr Sie verweist unsere Website an verschiedenen Stellen auf fremde Websites. GGS Eick erkl\u00e4rt ausdr\u00fccklich, dass zum Zeitpunkt der Linksetzung die entsprechenden verlinkten Seiten frei von illegalen Inhalten waren. GGS Eick hat keinerlei Einfluss auf die aktuelle und zuk\u00fcnftige Gestaltung und auf die Inhalte der verkn\u00fcpften Seiten. Deshalb distanziert sie sich hiermit ausdr\u00fccklich von allen Inhalten aller verkn\u00fcpften Seiten, die nach der Linksetzung ver\u00e4ndert wurden. Diese Feststellung gilt f\u00fcr alle innerhalb des eigenen Internetangebotes gesetzten Links und Verweise sowie f\u00fcr Fremdeintr\u00e4ge in von GGS Eick eingerichteten G\u00e4steb\u00fcchern, Diskussionsforen und Mailinglisten. F\u00fcr illegale, fehlerhafte oder unvollst\u00e4ndige Inhalte und insbesondere f\u00fcr Sch\u00e4den, die aus der Nutzung oder Nichtnutzung solcher Informationen entstehen, haftet allein der Anbieter der Website, auf welche verwiesen wurde.<\/p>\n\n\n\n<p>3. Urheber- und Kennzeichenrecht<\/p>\n\n\n\n<p>Die GGS Eick ist bestrebt, in allen Publikationen bestehende Urheberrechte zu beachten und ausschlie\u00dflich Objekte (Grafiken, Tondokumente, Videosequenzen und Texte) zu nutzen, die sie selbst erstellt hat, f\u00fcr die sie Rechte erworben hat oder die lizenzfrei sind. Alle innerhalb des Internetangebotes genannten und ggf. durch Dritte gesch\u00fctzten Marken- und Warenzeichen unterliegen uneingeschr\u00e4nkt den Bestimmungen des jeweils g\u00fcltigen Kennzeichenrechts und den Besitzrechten der jeweiligen eingetragenen Eigent\u00fcmer. Allein die Nennung von Markenzeichen schlie\u00dft bestehende Rechte Dritter nicht aus. Das Copyright f\u00fcr ver\u00f6ffentlichte, von GGS Eick selbst erstellte Objekte bleibt allein bei GGS Eick. Eine Vervielf\u00e4ltigung oder Verwendung solcher Objekte in anderen elektronischen oder gedruckten Publikationen ist ohne ausdr\u00fcckliche Zustimmung der GGS Eick nicht gestattet.<\/p>\n\n\n\n<p>4. Datenschutz<\/p>\n\n\n\n<p>Siehe <a href=\"https:\/\/www.ggs-eick.de\/cms\/datenschutz-ggs-eick\/\">Datenschutzerkl\u00e4rung<\/a>!<\/p>\n\n\n\n<p>5. Rechtswirksamkeit dieses Haftungsausschlusses<\/p>\n\n\n\n<p>Sofern Teile oder einzelne Formulierungen dieses Textes der geltenden Rechtslage nicht, nicht mehr oder nicht vollst\u00e4ndig entsprechen sollten, bleiben die \u00fcbrigen Teile des Dokumentes davon unber\u00fchrt.<\/p>\n<\/div><\/div><\/div><\/div><\/div>\n","protected":false},"excerpt":{"rendered":"","protected":false},"author":2,"featured_media":0,"parent":0,"menu_order":0,"comment_status":"closed","ping_status":"closed","template":"","meta":{"_uag_custom_page_level_css":"","footnotes":""},"class_list":["post-1469","page","type-page","status-publish","hentry"],"jetpack_sharing_enabled":true,"uagb_featured_image_src":{"full":false,"thumbnail":false,"medium":false,"medium_large":false,"large":false,"1536x1536":false,"2048x2048":false,"post-thumbnail":false,"gutenix-thumb-s":false,"gutenix-thumb-m":false,"gutenix-thumb-post":false,"gutenix-thumb-l":false,"gutenix-thumb-xl":false,"gutenix-thumb-grid-2col":false,"gutenix-thumb-masonry":false,"gutenix-thumb-masonry-2col":false,"gutenix-thumb-justify":false},"uagb_author_info":{"display_name":"schulleitung","author_link":"https:\/\/www.ggs-eick.de\/cms\/author\/schulleitung\/"},"uagb_comment_info":0,"uagb_excerpt":null,"_links":{"self":[{"href":"https:\/\/www.ggs-eick.de\/cms\/wp-json\/wp\/v2\/pages\/1469","targetHints":{"allow":["GET"]}}],"collection":[{"href":"https:\/\/www.ggs-eick.de\/cms\/wp-json\/wp\/v2\/pages"}],"about":[{"href":"https:\/\/www.ggs-eick.de\/cms\/wp-json\/wp\/v2\/types\/page"}],"author":[{"embeddable":true,"href":"https:\/\/www.ggs-eick.de\/cms\/wp-json\/wp\/v2\/users\/2"}],"replies":[{"embeddable":true,"href":"https:\/\/www.ggs-eick.de\/cms\/wp-json\/wp\/v2\/comments?post=1469"}],"version-history":[{"count":9,"href":"https:\/\/www.ggs-eick.de\/cms\/wp-json\/wp\/v2\/pages\/1469\/revisions"}],"predecessor-version":[{"id":1835,"href":"https:\/\/www.ggs-eick.de\/cms\/wp-json\/wp\/v2\/pages\/1469\/revisions\/1835"}],"wp:attachment":[{"href":"https:\/\/www.ggs-eick.de\/cms\/wp-json\/wp\/v2\/media?parent=1469"}],"curies":[{"name":"wp","href":"https:\/\/api.w.org\/{rel}","templated":true}]}}