{"id":1106,"date":"2023-05-06T13:58:11","date_gmt":"2023-05-06T11:58:11","guid":{"rendered":"https:\/\/www.ggs-eick.de\/cms\/?page_id=1106"},"modified":"2023-08-17T09:07:36","modified_gmt":"2023-08-17T07:07:36","slug":"datenerhebung","status":"publish","type":"page","link":"https:\/\/www.ggs-eick.de\/cms\/datenerhebung\/","title":{"rendered":"Datenerhebung"},"content":{"rendered":"\n<div class=\"wp-block-getwid-section\"><div class=\"wp-block-getwid-section__wrapper\"><div class=\"wp-block-getwid-section__inner-wrapper\"><div class=\"wp-block-getwid-section__background-holder\"><div class=\"wp-block-getwid-section__background has-background has-color-5-background-color\"><\/div><div class=\"wp-block-getwid-section__foreground\"><\/div><\/div><div class=\"wp-block-getwid-section__content\"><div class=\"wp-block-getwid-section__inner-content\">\n<h1>Datenerhebung<\/h1><p>Informationen aufgrund der Erhebung von personenbezogenen Daten:<\/p>\n<p>f\u00fcr Sch\u00fclerinnen \/ Sch\u00fcler\/ Eltern:<\/p>\n<table style=\"width: 640;\" border=\"0\" cellspacing=\"1\" cellpadding=\"0\" align=\"left\">\n<tbody>\n<tr>\n<td style=\"vertical-align: top;\"><a href=\"https:\/\/www.ggs-eick.de\/cms\/wp-content\/uploads\/2023\/08\/Muster-MSB-Infopfl_-SuS-Datenerhebung-Artikel-13_-14-DSGVO_GGS-Eick.pdf\" target=\"_blank\" rel=\"noopener noreferrer\"><img decoding=\"async\" src=\"https:\/\/www.ggs-eick.de\/cms\/wp-content\/uploads\/2023\/05\/pdf.png\" alt=\"\" \/><\/a><\/td>\n<td style=\"vertical-align: top;\">\n<p><strong>Datenerhebung SuS<\/strong><\/p>\n<p>Hier k\u00f6nnen Sie sich die Informationspflicht der GGS Eick gem\u00e4\u00df DSGVO Artikel 13 Absatz 1 und Artikel 14 Absatz 1 herunterladen.<\/p>\n<p>Adobe Acrobat Dokument 360 KB<\/p>\n<p><a href=\"https:\/\/www.ggs-eick.de\/cms\/wp-content\/uploads\/2023\/08\/Muster-MSB-Infopfl_-SuS-Datenerhebung-Artikel-13_-14-DSGVO_GGS-Eick.pdf\" target=\"_blank\" rel=\"noopener noreferrer\">Download<\/a><\/p>\n<\/td>\n<\/tr>\n<\/tbody>\n<\/table>\n<br>\n<p>\n<p>f\u00fcr Lehrerinnen \/ Lehrer \/ Personal:<\/p>\n<table style=\"width: 640;\" border=\"0\" cellspacing=\"1\" cellpadding=\"0\" align=\"left\">\n<tbody>\n<tr>\n<td style=\"vertical-align: top;\"><a href=\"https:\/\/www.ggs-eick.de\/cms\/wp-content\/uploads\/2023\/08\/Muster-MSB-Infopfl_-Lehrkraefte-Datenerhebung-Artikel-13_-14-DSGVO_GGS-Eick_2023_08_03.pdf\" target=\"_blank\" rel=\"noopener noreferrer\"><img decoding=\"async\" src=\"https:\/\/www.ggs-eick.de\/cms\/wp-content\/uploads\/2023\/05\/pdf.png\" alt=\"\" \/><\/a><\/td>\n<td style=\"vertical-align: top;\">\n<p><strong>Datenerhebung Lehrkr\u00e4fte \/ Personal<\/strong><\/p>\n<p>Hier k\u00f6nnen Sie sich die Informationspflicht der GGS Eick gem\u00e4\u00df DSGVO Artikel 13 Absatz 1 und Artikel 14 Absatz 1 herunterladen.<\/p>\n<p>Adobe Acrobat Dokument 448 KB<\/p>\n<p><a href=\"https:\/\/www.ggs-eick.de\/cms\/wp-content\/uploads\/2023\/08\/Muster-MSB-Infopfl_-Lehrkraefte-Datenerhebung-Artikel-13_-14-DSGVO_GGS-Eick_2023_08_03.pdf\" target=\"_blank\" rel=\"noopener noreferrer\">Download<\/a><\/p>\n<\/td>\n<\/tr>\n<\/tbody>\n<\/table>\n<\/div><\/div><\/div><\/div><\/div>\n","protected":false},"excerpt":{"rendered":"","protected":false},"author":1,"featured_media":0,"parent":0,"menu_order":0,"comment_status":"closed","ping_status":"closed","template":"","meta":{"_uag_custom_page_level_css":"","footnotes":""},"class_list":["post-1106","page","type-page","status-publish","hentry"],"jetpack_sharing_enabled":true,"uagb_featured_image_src":{"full":false,"thumbnail":false,"medium":false,"medium_large":false,"large":false,"1536x1536":false,"2048x2048":false,"post-thumbnail":false,"gutenix-thumb-s":false,"gutenix-thumb-m":false,"gutenix-thumb-post":false,"gutenix-thumb-l":false,"gutenix-thumb-xl":false,"gutenix-thumb-grid-2col":false,"gutenix-thumb-masonry":false,"gutenix-thumb-masonry-2col":false,"gutenix-thumb-justify":false},"uagb_author_info":{"display_name":"ggsadmin","author_link":"https:\/\/www.ggs-eick.de\/cms\/author\/ggsadmin\/"},"uagb_comment_info":0,"uagb_excerpt":null,"_links":{"self":[{"href":"https:\/\/www.ggs-eick.de\/cms\/wp-json\/wp\/v2\/pages\/1106","targetHints":{"allow":["GET"]}}],"collection":[{"href":"https:\/\/www.ggs-eick.de\/cms\/wp-json\/wp\/v2\/pages"}],"about":[{"href":"https:\/\/www.ggs-eick.de\/cms\/wp-json\/wp\/v2\/types\/page"}],"author":[{"embeddable":true,"href":"https:\/\/www.ggs-eick.de\/cms\/wp-json\/wp\/v2\/users\/1"}],"replies":[{"embeddable":true,"href":"https:\/\/www.ggs-eick.de\/cms\/wp-json\/wp\/v2\/comments?post=1106"}],"version-history":[{"count":5,"href":"https:\/\/www.ggs-eick.de\/cms\/wp-json\/wp\/v2\/pages\/1106\/revisions"}],"predecessor-version":[{"id":1337,"href":"https:\/\/www.ggs-eick.de\/cms\/wp-json\/wp\/v2\/pages\/1106\/revisions\/1337"}],"wp:attachment":[{"href":"https:\/\/www.ggs-eick.de\/cms\/wp-json\/wp\/v2\/media?parent=1106"}],"curies":[{"name":"wp","href":"https:\/\/api.w.org\/{rel}","templated":true}]}}