{"id":1098,"date":"2023-05-06T13:52:43","date_gmt":"2023-05-06T11:52:43","guid":{"rendered":"https:\/\/www.ggs-eick.de\/cms\/?page_id=1098"},"modified":"2023-05-06T14:07:42","modified_gmt":"2023-05-06T12:07:42","slug":"datenschutzverordnungen","status":"publish","type":"page","link":"https:\/\/www.ggs-eick.de\/cms\/datenschutzverordnungen\/","title":{"rendered":"Datenschutzverordnungen"},"content":{"rendered":"\n<div class=\"wp-block-getwid-section\"><div class=\"wp-block-getwid-section__wrapper\"><div class=\"wp-block-getwid-section__inner-wrapper\"><div class=\"wp-block-getwid-section__background-holder\"><div class=\"wp-block-getwid-section__background has-background has-color-5-background-color\"><\/div><div class=\"wp-block-getwid-section__foreground\"><\/div><\/div><div class=\"wp-block-getwid-section__content\"><div class=\"wp-block-getwid-section__inner-content\">\n<h1>Datenschutzverordnungen<\/h1><table style=\"width: 640;\" border=\"0\" cellspacing=\"1\" cellpadding=\"0\" align=\"left\">\n<tbody>\n<tr>\n<td style=\"vertical-align: top;\"><a href=\"https:\/\/www.ggs-eick.de\/cms\/wp-content\/uploads\/2023\/05\/VO-DV_I_vom_23.03.2022.pdf\" target=\"_blank\" rel=\"noopener noreferrer\"><img decoding=\"async\" class=\"pull-center\" src=\"https:\/\/www.ggs-eick.de\/cms\/wp-content\/uploads\/2023\/05\/pdf.png\" alt=\"\" \/><\/a><\/td>\n<td style=\"vertical-align: top;\">\n<p><strong>Datenschutzverordnung VO-DV I<\/strong><\/p>\n<p>Verordnung \u00fcber die zur Verarbeitung zugelassenen Daten von Sch\u00fclerinnen, Sch\u00fclern und Eltern (VO-DV I)<\/p>\n<p>Adobe Acrobat Dokument 345 kB<\/p>\n<p><a href=\"https:\/\/www.ggs-eick.de\/cms\/wp-content\/uploads\/2023\/05\/VO-DV_I_vom_23.03.2022.pdf\" target=\"_blank\" rel=\"noopener noreferrer\">Download<\/a><\/p>\n<p>\u00a0<\/p>\n<\/td>\n<\/tr>\n<tr>\n<td style=\"vertical-align: top;\"><a href=\"https:\/\/www.ggs-eick.de\/cms\/wp-content\/uploads\/2023\/05\/VO-DV_II_vom_13.12.2021.pdf\" target=\"_blank\" rel=\"noopener noreferrer\"><img decoding=\"async\" class=\"pull-center\" src=\"https:\/\/www.ggs-eick.de\/cms\/wp-content\/uploads\/2023\/05\/pdf.png\" alt=\"\" \/><\/a><\/td>\n<td style=\"vertical-align: top;\">\n<p><strong>Datenschutzverordnung VO-DV II<\/strong><\/p>\n<p>Verordnung \u00fcber die zur Verarbeitung zugelassenen Daten der Lehrerinnen und Lehrer (VO-DV II)<\/p>\n<p>Adobe Acrobat Dokument 2,1 MB<\/p>\n<p><a href=\"https:\/\/www.ggs-eick.de\/cms\/wp-content\/uploads\/2023\/05\/VO-DV_II_vom_13.12.2021.pdf\" target=\"_blank\" rel=\"noopener noreferrer\">Download<\/a><\/p>\n<\/td>\n<\/tr>\n<\/tbody>\n<\/table>\n<p>\u00a0<\/p>\n<\/div><\/div><\/div><\/div><\/div>\n","protected":false},"excerpt":{"rendered":"","protected":false},"author":1,"featured_media":0,"parent":0,"menu_order":0,"comment_status":"closed","ping_status":"closed","template":"","meta":{"_uag_custom_page_level_css":"","footnotes":""},"class_list":["post-1098","page","type-page","status-publish","hentry"],"jetpack_sharing_enabled":true,"uagb_featured_image_src":{"full":false,"thumbnail":false,"medium":false,"medium_large":false,"large":false,"1536x1536":false,"2048x2048":false,"post-thumbnail":false,"gutenix-thumb-s":false,"gutenix-thumb-m":false,"gutenix-thumb-post":false,"gutenix-thumb-l":false,"gutenix-thumb-xl":false,"gutenix-thumb-grid-2col":false,"gutenix-thumb-masonry":false,"gutenix-thumb-masonry-2col":false,"gutenix-thumb-justify":false},"uagb_author_info":{"display_name":"ggsadmin","author_link":"https:\/\/www.ggs-eick.de\/cms\/author\/ggsadmin\/"},"uagb_comment_info":0,"uagb_excerpt":null,"_links":{"self":[{"href":"https:\/\/www.ggs-eick.de\/cms\/wp-json\/wp\/v2\/pages\/1098","targetHints":{"allow":["GET"]}}],"collection":[{"href":"https:\/\/www.ggs-eick.de\/cms\/wp-json\/wp\/v2\/pages"}],"about":[{"href":"https:\/\/www.ggs-eick.de\/cms\/wp-json\/wp\/v2\/types\/page"}],"author":[{"embeddable":true,"href":"https:\/\/www.ggs-eick.de\/cms\/wp-json\/wp\/v2\/users\/1"}],"replies":[{"embeddable":true,"href":"https:\/\/www.ggs-eick.de\/cms\/wp-json\/wp\/v2\/comments?post=1098"}],"version-history":[{"count":3,"href":"https:\/\/www.ggs-eick.de\/cms\/wp-json\/wp\/v2\/pages\/1098\/revisions"}],"predecessor-version":[{"id":1113,"href":"https:\/\/www.ggs-eick.de\/cms\/wp-json\/wp\/v2\/pages\/1098\/revisions\/1113"}],"wp:attachment":[{"href":"https:\/\/www.ggs-eick.de\/cms\/wp-json\/wp\/v2\/media?parent=1098"}],"curies":[{"name":"wp","href":"https:\/\/api.w.org\/{rel}","templated":true}]}}